{"id":12272,"date":"2019-01-10T14:42:54","date_gmt":"2019-01-10T14:42:54","guid":{"rendered":"http:\/\/hecht-apo.de\/?page_id=12272"},"modified":"2024-11-12T19:34:49","modified_gmt":"2024-11-12T19:34:49","slug":"vorbestellung","status":"publish","type":"page","link":"https:\/\/hecht-apo.de\/?page_id=12272","title":{"rendered":"Vorbestellung"},"content":{"rendered":"<div class=\"wpb-content-wrapper\"><p>[vc_row][vc_column][vc_column_text]<strong>Medikamenten-Vorbestellung<\/strong><\/p>\n<p>Wenn Sie Medikamente vorbestellen m\u00f6chten, f\u00fcllen Sie bitte das unten stehende Formular aus. Sie k\u00f6nnen die Vorbestellung sowohl f\u00fcr rezeptpflichtige als auch f\u00fcr alle anderen Medikamente nutzen.<\/p>\n<p><strong>Bitte beachten Sie:<\/strong><\/p>\n<ul>\n<li style=\"list-style-type: none;\">\n<ul>\n<li>Arzneimittel, die unsere Apotheke verlassen haben, sind von Rechts wegen grunds\u00e4tzlich vom Umtausch ausgeschlossen.<\/li>\n<li>Wenn Sie rezeptpflichtige Medikamente vorbestellen m\u00f6chten, mailen oder faxen Sie uns das Rezept zu, oder schicken Sie uns ein Foto per App (siehe unten), wir stellen es Ihnen dann zur Abholung bereit.<\/li>\n<\/ul>\n<\/li>\n<\/ul>\n<div class=\"push\" style='height:60px'><\/div>[\/vc_column_text][\/vc_column][\/vc_row]\n<div class=\"wpcf7 no-js\" id=\"wpcf7-f12271-o1\" lang=\"de-DE\" dir=\"ltr\" data-wpcf7-id=\"12271\">\n<div class=\"screen-reader-response\"><p role=\"status\" aria-live=\"polite\" aria-atomic=\"true\"><\/p> <ul><\/ul><\/div>\n<form action=\"\/index.php?rest_route=%2Fwp%2Fv2%2Fpages%2F12272#wpcf7-f12271-o1\" method=\"post\" class=\"wpcf7-form init\" aria-label=\"Kontaktformular\" enctype=\"multipart\/form-data\" novalidate=\"novalidate\" data-status=\"init\">\n<fieldset class=\"hidden-fields-container\"><input type=\"hidden\" name=\"_wpcf7\" value=\"12271\" \/><input type=\"hidden\" name=\"_wpcf7_version\" value=\"6.1.5\" \/><input type=\"hidden\" name=\"_wpcf7_locale\" value=\"de_DE\" \/><input type=\"hidden\" name=\"_wpcf7_unit_tag\" value=\"wpcf7-f12271-o1\" \/><input type=\"hidden\" name=\"_wpcf7_container_post\" value=\"0\" \/><input type=\"hidden\" name=\"_wpcf7_posted_data_hash\" value=\"\" \/><input type=\"hidden\" name=\"_wpcf7cf_hidden_group_fields\" value=\"[]\" \/><input type=\"hidden\" name=\"_wpcf7cf_hidden_groups\" value=\"[]\" \/><input type=\"hidden\" name=\"_wpcf7cf_visible_groups\" value=\"[]\" \/><input type=\"hidden\" name=\"_wpcf7cf_repeaters\" value=\"[]\" \/><input type=\"hidden\" name=\"_wpcf7cf_steps\" value=\"{}\" \/><input type=\"hidden\" name=\"_wpcf7cf_options\" value=\"{&quot;form_id&quot;:12271,&quot;conditions&quot;:[],&quot;settings&quot;:{&quot;animation&quot;:&quot;yes&quot;,&quot;animation_intime&quot;:200,&quot;animation_outtime&quot;:200,&quot;conditions_ui&quot;:&quot;normal&quot;,&quot;notice_dismissed&quot;:false,&quot;repeater_remove_button&quot;:&quot;bottom&quot;}}\" \/>\n<\/fieldset>\n<p><label> Bezeich\u00adnung oder PZN des Artikels, Pack.-Gr\u00f6\u00dfe, Menge (Pflichtfeld)<br \/>\n<span class=\"wpcf7-form-control-wrap\" data-name=\"artikel\"><input size=\"40\" maxlength=\"400\" class=\"wpcf7-form-control wpcf7-text wpcf7-validates-as-required\" aria-required=\"true\" aria-invalid=\"false\" value=\"\" type=\"text\" name=\"artikel\" \/><\/span> <\/label>\n<\/p>\n<p><label>Rezeptscan hochladen<br \/>\n<span class=\"wpcf7-form-control-wrap\" data-name=\"file-518\"><input size=\"40\" class=\"wpcf7-form-control wpcf7-file\" accept=\"audio\/*,video\/*,image\/*\" aria-invalid=\"false\" type=\"file\" name=\"file-518\" \/><\/span><\/label>\n<\/p>\n<p><label> Kostentr\u00e4gerkennung (Krankenkasse) (nur bei Rezepten erforderlich)<br \/>\n<span class=\"wpcf7-form-control-wrap\" data-name=\"kassen-nr\"><input size=\"40\" maxlength=\"400\" class=\"wpcf7-form-control wpcf7-text wpcf7-validates-as-required\" aria-required=\"true\" aria-invalid=\"false\" value=\"\" type=\"text\" name=\"kassen-nr\" \/><\/span> <\/label>\n<\/p>\n<p><label> Name (Pflichtfeld)<br \/>\n<span class=\"wpcf7-form-control-wrap\" data-name=\"kundenname\"><input size=\"40\" maxlength=\"400\" class=\"wpcf7-form-control wpcf7-text wpcf7-validates-as-required\" aria-required=\"true\" aria-invalid=\"false\" value=\"\" type=\"text\" name=\"kundenname\" \/><\/span> <\/label>\n<\/p>\n<p><label> Geburtsdatum (Pflichtfeld)<br \/>\n<span class=\"wpcf7-form-control-wrap\" data-name=\"geburtsdatum\"><input size=\"40\" maxlength=\"400\" class=\"wpcf7-form-control wpcf7-text wpcf7-validates-as-required\" aria-required=\"true\" aria-invalid=\"false\" value=\"\" type=\"text\" name=\"geburtsdatum\" \/><\/span> <\/label>\n<\/p>\n<p><label> Telefon oder E-Mail (Pflichtfeld)<br \/>\n<span class=\"wpcf7-form-control-wrap\" data-name=\"telefon\"><input size=\"40\" maxlength=\"400\" class=\"wpcf7-form-control wpcf7-text wpcf7-validates-as-required\" aria-required=\"true\" aria-invalid=\"false\" value=\"\" type=\"text\" name=\"telefon\" \/><\/span> <\/label>\n<\/p>\n<p><span class=\"wpcf7-form-control-wrap\" data-name=\"Anmerkung\"><textarea cols=\"40\" rows=\"10\" maxlength=\"2000\" class=\"wpcf7-form-control wpcf7-textarea\" aria-invalid=\"false\" name=\"Anmerkung\"><\/textarea><\/span>\n<\/p>\n<p><span class=\"wpcf7-form-control-wrap\" data-name=\"ErklrungzumDatenschutz\"><span class=\"wpcf7-form-control wpcf7-acceptance optional\"><span class=\"wpcf7-list-item\"><label><input type=\"checkbox\" name=\"ErklrungzumDatenschutz\" value=\"1\" aria-invalid=\"false\" \/><span class=\"wpcf7-list-item-label\">Die abgesendeten Daten werden nur zum Zweck der Bearbeitung Ihres Anliegens verarbeitet. Weitere Informationen finden Sie in unserer Datenschutzerkl\u00e4rung. Ich bin damit einverstanden.*<\/span><\/label><\/span><\/span><\/span>\n<\/p>\n<p><input class=\"wpcf7-form-control wpcf7-submit has-spinner\" type=\"submit\" value=\"Senden\" \/>\n<\/p><div class=\"wpcf7-response-output\" aria-hidden=\"true\"><\/div>\n<\/form>\n<\/div>\n[vc_row full_width=&#8220;stretch_row&#8220; parallax=&#8220;content-moving&#8220; css=&#8220;.vc_custom_1645014104960{background-color: #f6f6f6 !important;}&#8220;][vc_column][vc_row_inner][vc_column_inner][vc_single_image image=&#8220;12854&#8243; img_size=&#8220;full&#8220; css=&#8220;&#8220;][vc_column_text]<\/p>\n<h2>Bestellung per App<\/h2>\n<p>[\/vc_column_text][vc_column_text css=&#8220;&#8220;]<\/p>\n<div class=\"wpb_text_column wpb_content_element\">\n<div class=\"wpb_wrapper\">\n<p>Rezept vom Arzt? Medikamente bestellen? E-Rezept einl\u00f6sen? Einfach mit der \u201eAmamed\u201c-App fotografieren, abschicken und Medikamente bei uns abholen.<br \/>\nBestellung per Text oder Foto vom Produkt sind auch problemlos m\u00f6glich, wir antworten so schnell wie m\u00f6glich, ab wann das Pr\u00e4parat abholbereit in der Apotheke liegt.<br \/>\nEinfach per QR-Code kostenlos downloaden.<\/p>\n<\/div>\n<\/div>\n<div class=\"wpb_text_column wpb_content_element\">\n<div class=\"wpb_wrapper\">\n<div class=\"wpb_text_column wpb_content_element \">\n<div class=\"wpb_wrapper\">\n<p>Bei Fragen dazu stehen wir Ihnen gerne zur Verf\u00fcgung!<\/p>\n<\/div>\n<\/div>\n<\/div>\n<\/div>\n<p>[\/vc_column_text][vc_column_text css=&#8220;&#8220;]<\/p>\n<div class=\"wpb_text_column wpb_content_element vc_custom_1731415453552\">\n<div class=\"wpb_wrapper\">\n<div class=\"wpb_text_column wpb_content_element \">\n<div class=\"wpb_wrapper\">\n<h2>App jetzt f\u00fcr dein Smartphone herunterladen.<\/h2>\n<\/div>\n<\/div>\n<\/div>\n<\/div>\n<p>[\/vc_column_text][vc_single_image image=&#8220;12555&#8243; img_size=&#8220;medium&#8220; css=&#8220;.vc_custom_1731440076597{margin-top: 20px !important;}&#8220;][vc_single_image image=&#8220;12556&#8243; img_size=&#8220;medium&#8220;][\/vc_column_inner][\/vc_row_inner][\/vc_column][\/vc_row]<\/p>\n<\/div>","protected":false},"excerpt":{"rendered":"<p>[vc_row][vc_column][vc_column_text]Medikamenten-Vorbestellung Wenn Sie Medikamente vorbestellen m\u00f6chten, f\u00fcllen Sie bitte das unten stehende Formular aus. Sie k\u00f6nnen die Vorbestellung sowohl f\u00fcr rezeptpflichtige als auch f\u00fcr alle anderen Medikamente nutzen. Bitte beachten Sie: Arzneimittel, die unsere Apotheke verlassen haben, sind von Rechts wegen grunds\u00e4tzlich vom Umtausch ausgeschlossen. Wenn Sie rezeptpflichtige Medikamente vorbestellen m\u00f6chten, mailen oder faxen Sie&#8230;<\/p>\n","protected":false},"author":1,"featured_media":0,"parent":0,"menu_order":0,"comment_status":"closed","ping_status":"closed","template":"","meta":{"footnotes":""},"class_list":["post-12272","page","type-page","status-publish"],"_links":{"self":[{"href":"https:\/\/hecht-apo.de\/index.php?rest_route=\/wp\/v2\/pages\/12272","targetHints":{"allow":["GET"]}}],"collection":[{"href":"https:\/\/hecht-apo.de\/index.php?rest_route=\/wp\/v2\/pages"}],"about":[{"href":"https:\/\/hecht-apo.de\/index.php?rest_route=\/wp\/v2\/types\/page"}],"author":[{"embeddable":true,"href":"https:\/\/hecht-apo.de\/index.php?rest_route=\/wp\/v2\/users\/1"}],"replies":[{"embeddable":true,"href":"https:\/\/hecht-apo.de\/index.php?rest_route=%2Fwp%2Fv2%2Fcomments&post=12272"}],"version-history":[{"count":20,"href":"https:\/\/hecht-apo.de\/index.php?rest_route=\/wp\/v2\/pages\/12272\/revisions"}],"predecessor-version":[{"id":12880,"href":"https:\/\/hecht-apo.de\/index.php?rest_route=\/wp\/v2\/pages\/12272\/revisions\/12880"}],"wp:attachment":[{"href":"https:\/\/hecht-apo.de\/index.php?rest_route=%2Fwp%2Fv2%2Fmedia&parent=12272"}],"curies":[{"name":"wp","href":"https:\/\/api.w.org\/{rel}","templated":true}]}}