{"id":12303,"date":"2019-01-14T13:20:14","date_gmt":"2019-01-14T13:20:14","guid":{"rendered":"http:\/\/hecht-apo.de\/?page_id=12303"},"modified":"2020-10-01T12:51:40","modified_gmt":"2020-10-01T12:51:40","slug":"kundenkarte","status":"publish","type":"page","link":"https:\/\/hecht-apo.de\/?page_id=12303","title":{"rendered":"Kundenkarte"},"content":{"rendered":"<div class=\"wpb-content-wrapper\"><p>[vc_row][vc_column][vc_column_text]<\/p>\n<h2>Entdecken Sie die vielen Vorteile Ihrer Kundenkarte:<\/h2>\n<div class=\"push\" style='height:60px'><\/div>\n<ul>\n<li style=\"list-style-type: none;\">\n<ul>\n<li><b><span style=\"color: #565656;\">Pharmazeutical Care: <\/b><span style=\"display: inline !important; float: none; background-color: transparent; color: #565656; font-family: 'Roboto Condensed',sans-serif; font-size: 16px; font-size-adjust: none; font-stretch: 100%; font-style: normal; font-variant: normal; font-weight: 400; letter-spacing: normal; line-height: 22.85px; orphans: 2; text-align: left; text-decoration: none; text-indent: 0px; text-transform: none; -webkit-text-stroke-width: 0px; white-space: normal; word-spacing: 0px;\">Wechselwirkungscheck und auf Wunsch ein systematischer Medikationscheck mit nachhaltiger Begleitung.<\/li>\n<p><\/span><\/ul>\n<\/li>\n<\/ul>\n<div class=\"push\" style='height:15px'><\/div>\n<ul>\n<li style=\"list-style-type: none;\">\n<ul>\n<li><b><span style=\"color: #565656;\">Schnittstellenmanagement: <\/b><span style=\"display: inline !important; float: none; background-color: transparent; color: #565656; font-family: 'Roboto Condensed',sans-serif; font-size: 16px; font-size-adjust: none; font-stretch: 100%; font-style: normal; font-variant: normal; font-weight: 400; letter-spacing: normal; line-height: 22.85px; orphans: 2; text-align: left; text-decoration: none; text-indent: 0px; text-transform: none; -webkit-text-stroke-width: 0px; white-space: normal; word-spacing: 0px;\">(ambulant \/ station\u00e4r) bei Krankenhausaufenthalt.<\/li>\n<p><\/span><\/ul>\n<\/li>\n<\/ul>\n<div class=\"push\" style='height:15px'><\/div>\n<ul>\n<li style=\"list-style-type: none;\">\n<ul>\n<li><b><span style=\"color: #565656;\">Risiko\u00fcberpr\u00fcfung: <\/span><\/b><span style=\"display: inline !important; float: none; background-color: transparent; color: #565656; font-family: 'Roboto Condensed',sans-serif; font-size: 16px; font-size-adjust: none; font-stretch: 100%; font-style: normal; font-variant: normal; font-weight: 400; letter-spacing: normal; line-height: 22.85px; orphans: 2; text-align: left; text-decoration: none; text-indent: 0px; text-transform: none; -webkit-text-stroke-width: 0px; white-space: normal; word-spacing: 0px;\">Durch die Daten Ihrer Kundenkarte k\u00f6nnen wir Sie schneller und umfassender \u00fcber Wechsel- und Nebenwirkungen, sowie Doppelverordnungen von Medikamenten informieren<\/span><\/li>\n<\/ul>\n<\/li>\n<\/ul>\n<div class=\"push\" style='height:15px'><\/div>\n<ul>\n<li style=\"list-style-type: none;\">\n<ul>\n<li><b><span style=\"color: #565656;\">Memofunktion:<\/span><\/b><span style=\"display: inline !important; float: none; background-color: transparent; color: #565656; font-family: 'Roboto Condensed',sans-serif; font-size: 16px; font-size-adjust: none; font-stretch: 100%; font-style: normal; font-variant: normal; font-weight: 400; letter-spacing: normal; line-height: 22.85px; orphans: 2; text-align: left; text-decoration: none; text-indent: 0px; text-transform: none; -webkit-text-stroke-width: 0px; white-space: normal; word-spacing: 0px;\"> Sie erinnern sich einfach nicht mehr an den Namen dieses Medikaments, das beim letzten Mal so gut geholfen hat? Kein Problem, denn dank Ihrer Kundenkarte finden wir den Namen schnell heraus<\/span><\/li>\n<\/ul>\n<\/li>\n<\/ul>\n<div class=\"push\" style='height:15px'><\/div>\n<ul>\n<li style=\"list-style-type: none;\">\n<ul>\n<li><b><span style=\"color: #565656;\">Rabatt: <\/span><\/b><span style=\"display: inline !important; float: none; background-color: transparent; color: #565656; font-family: 'Roboto Condensed',sans-serif; font-size: 16px; font-size-adjust: none; font-stretch: 100%; font-style: normal; font-variant: normal; font-weight: 400; letter-spacing: normal; line-height: 22.85px; orphans: 2; text-align: left; text-decoration: none; text-indent: 0px; text-transform: none; -webkit-text-stroke-width: 0px; white-space: normal; word-spacing: 0px;\">Sie erhalten 3 % Barzahlungs-Rabatt auf alle nicht verschreibungspflichtigen Produkte in unserem Sortiment<\/span><\/li>\n<\/ul>\n<\/li>\n<\/ul>\n<div class=\"push\" style='height:15px'><\/div>\n<ul>\n<li style=\"list-style-type: none;\">\n<ul>\n<li><b><span style=\"color: #565656;\">Einfacher: <\/span><\/b><span style=\"display: inline !important; float: none; background-color: transparent; color: #565656; font-family: 'Roboto Condensed',sans-serif; font-size: 16px; font-size-adjust: none; font-stretch: 100%; font-style: normal; font-variant: normal; font-weight: 400; letter-spacing: normal; line-height: 22.85px; orphans: 2; text-align: left; text-decoration: none; text-indent: 0px; text-transform: none; -webkit-text-stroke-width: 0px; white-space: normal; word-spacing: 0px;\">Sie verf\u00fcgen \u00fcber eine Befreiungskarte Ihrer Krankenkasse? Wir speichern den Beleg f\u00fcr Sie ab, so dass Sie ihn nicht immer wieder vorzeigen m\u00fcssen<\/span><\/li>\n<\/ul>\n<\/li>\n<\/ul>\n<div class=\"push\" style='height:15px'><\/div>\n<ul>\n<li style=\"list-style-type: none;\">\n<ul>\n<li><b><span style=\"color: #565656;\">Sammelfunktion: <\/span><\/b><span style=\"display: inline !important; float: none; background-color: transparent; color: #565656; font-family: 'Roboto Condensed',sans-serif; font-size: 16px; font-size-adjust: none; font-stretch: 100%; font-style: normal; font-variant: normal; font-weight: 400; letter-spacing: normal; line-height: 22.85px; orphans: 2; text-align: left; text-decoration: none; text-indent: 0px; text-transform: none; -webkit-text-stroke-width: 0px; white-space: normal; word-spacing: 0px;\">Wir speichern Ihre Belege f\u00fcr Rezeptgeb\u00fchren, Medikamentenzahlungen und Arzneimittelzuzahlungen f\u00fcr Sie und erstellen Ihnen auf Wunsch einen Sammelbeleg f\u00fcr Ihre Krankenkasse oder das Finanzamt<\/span><\/li>\n<\/ul>\n<\/li>\n<\/ul>\n<div class=\"push\" style='height:15px'><\/div>\n<ul>\n<li style=\"list-style-type: none;\">\n<ul>\n<li><b><span style=\"color: #565656;\">Bargeldloses Einkaufen: <\/span><\/b><span style=\"display: inline !important; float: none; background-color: transparent; color: #565656; font-family: 'Roboto Condensed',sans-serif; font-size: 16px; font-size-adjust: none; font-stretch: 100%; font-style: normal; font-variant: normal; font-weight: 400; letter-spacing: normal; line-height: 22.85px; orphans: 2; text-align: left; text-decoration: none; text-indent: 0px; text-transform: none; -webkit-text-stroke-width: 0px; white-space: normal; word-spacing: 0px;\">wird jetzt noch einfacher. Werden Sie mit Ihrer Kundenkarte einfach Monatskunde und erhalten Sie eine monatliche Rechnung von uns.<\/span><\/li>\n<\/ul>\n<\/li>\n<\/ul>\n<div class=\"push\" style='height:15px'><\/div>\n<ul>\n<li style=\"list-style-type: none;\"><\/li>\n<\/ul>\n<p>&nbsp;<\/p>\n<div class=\"push\" style='height:60px'><\/div>\n<\/div>","protected":false},"excerpt":{"rendered":"<p>[vc_row][vc_column][vc_column_text] Entdecken Sie die vielen Vorteile Ihrer Kundenkarte: Pharmazeutical Care: Wechselwirkungscheck und auf Wunsch ein systematischer Medikationscheck mit nachhaltiger Begleitung. Schnittstellenmanagement: (ambulant \/ station\u00e4r) bei Krankenhausaufenthalt. Risiko\u00fcberpr\u00fcfung: Durch die Daten Ihrer Kundenkarte k\u00f6nnen wir Sie schneller und umfassender \u00fcber Wechsel- und Nebenwirkungen, sowie Doppelverordnungen von Medikamenten informieren Memofunktion: Sie erinnern sich einfach nicht mehr an&#8230;<\/p>\n","protected":false},"author":1,"featured_media":0,"parent":0,"menu_order":0,"comment_status":"closed","ping_status":"closed","template":"","meta":{"footnotes":""},"class_list":["post-12303","page","type-page","status-publish"],"_links":{"self":[{"href":"https:\/\/hecht-apo.de\/index.php?rest_route=\/wp\/v2\/pages\/12303","targetHints":{"allow":["GET"]}}],"collection":[{"href":"https:\/\/hecht-apo.de\/index.php?rest_route=\/wp\/v2\/pages"}],"about":[{"href":"https:\/\/hecht-apo.de\/index.php?rest_route=\/wp\/v2\/types\/page"}],"author":[{"embeddable":true,"href":"https:\/\/hecht-apo.de\/index.php?rest_route=\/wp\/v2\/users\/1"}],"replies":[{"embeddable":true,"href":"https:\/\/hecht-apo.de\/index.php?rest_route=%2Fwp%2Fv2%2Fcomments&post=12303"}],"version-history":[{"count":13,"href":"https:\/\/hecht-apo.de\/index.php?rest_route=\/wp\/v2\/pages\/12303\/revisions"}],"predecessor-version":[{"id":12708,"href":"https:\/\/hecht-apo.de\/index.php?rest_route=\/wp\/v2\/pages\/12303\/revisions\/12708"}],"wp:attachment":[{"href":"https:\/\/hecht-apo.de\/index.php?rest_route=%2Fwp%2Fv2%2Fmedia&parent=12303"}],"curies":[{"name":"wp","href":"https:\/\/api.w.org\/{rel}","templated":true}]}}