{"id":12479,"date":"2019-01-17T10:59:06","date_gmt":"2019-01-17T10:59:06","guid":{"rendered":"http:\/\/hecht-apo.de\/?page_id=12479"},"modified":"2019-02-07T15:07:58","modified_gmt":"2019-02-07T15:07:58","slug":"cookie-richtlinie","status":"publish","type":"page","link":"https:\/\/hecht-apo.de\/?page_id=12479","title":{"rendered":"Cookie-Richtlinie"},"content":{"rendered":"<p>Wir m\u00f6chten, dass Sie sich bei uns sicher f\u00fchlen und darum liegt uns Ihr Datenschutz am Herzen. Hier m\u00f6chten wir kurz erkl\u00e4ren, wozu Cookies auf unserer Webseite genutzt werden und wie Sie Cookies blockieren k\u00f6nnen.<\/br><\/p>\n<h3 class=\"bold\">Was sind Cookies?<\/h3>\n<p>Ein Cookie ist eine kleine Textdatei, die auf Ihrem Computer, Laptop oder sonstigen mobilen Ger\u00e4ten gespeichert wird sobald Sie eine Webseite besuchen, die diese Technologie benutzt. In der Regel nutzen Webseitenbetreiber Cookies, um die Qualit\u00e4t und die Benutzerfreundlichkeit einer Webseite zu verbessern und eine erh\u00f6hte Servicequalit\u00e4t zu bieten.<\/p>\n<p>Cookies sind keine Viren und erm\u00f6glichen uns nicht den Zugriff auf Ihre pers\u00f6nlichen Daten.<\/br><\/p>\n<h3 class=\"bold\">Warum arbeitet die Hecht-Apotheke mit Cookies?<\/h3>\n<p>Cookies helfen uns eine relevante Webseitenstatistik zu erstellen.<\/p>\n<p>Wir verwenden keine Cookies, um pers\u00f6nliche Daten zu ermitteln.<\/br><\/p>\n<h3 class=\"bold\">Wie blockiert oder l\u00f6scht man Cookies im Browser?<\/h3>\n<p>Um die volle Funktionalit\u00e4t von der Hecht-Apotheke sicherzustellen empfehlen wir, dass Sie Cookies zulassen.<\/p>\n<p>Sie k\u00f6nnen Cookies von Ihrem Computer jederzeit l\u00f6schen oder diese blockieren, indem Sie Ihre Browsereinstellungen \u00e4ndern.<\/p>\n<p class=\"bold\">Mozilla Firefox<\/p>\n<p>o k\u00f6nnen Sie die Cookies im Mozilla Firefox blockieren:<\/p>\n<p>\u00d6ffnen Sie den Firefox.<br \/>\nKlicken Sie oben im Firefox auf das Men\u00fc und w\u00e4hlen die Option \u201eEinstellungen\u201c.<br \/>\nGehen Sie zum Abschnitt \u201eDatenschutz\u201c.<br \/>\nSetzen Sie die Auswahlliste neben \u201eFirefox wird eine Chronik:\u201c auf \u201ebenutzerdefinierten Einstellungen anlegen\u201c.<br \/>\nEntfernen Sie das H\u00e4kchen neben Cookies akzeptieren.<br \/>\nKlicken Sie auf \u201eOK\u201c, um die \u00c4nderungen zu speichern und schlie\u00dfen Sie das Fenster.<\/p>\n<p>Weitere Informationen dar\u00fcber, wie Sie die Cookie-Optionen f\u00fcr Mozilla Firefox einstellen k\u00f6nnen, finden Sie unter<br \/>\n<a href=\"https:\/\/support.mozilla.org\/de\/kb\/cookies-erlauben-und-ablehnen\">https:\/\/support.mozilla.org\/de\/kb\/cookies-erlauben-und-ablehnen<\/a><\/p>\n<p class=\"bold\">Internet Explorer<\/p>\n<p>o k\u00f6nnen Sie die Cookies im Internet Explorer blockieren:<\/p>\n<p>\u00d6ffnen Sie den Internet Explorer.<br \/>\nKlicken Sie auf das Men\u00fc und dann auf Internetoptionen.<br \/>\nKlicken Sie auf die Registerkarte Datenschutz und verschieben Sie dann unter Einstellungen den Schiebregler nach oben, um alle Cookies zu blockieren (oder nach unten, um alle zuzulassen).<br \/>\nKlicken Sie anschlie\u00dfend auf \u201eOK\u201c.<\/p>\n<p>Weitere Informationen dar\u00fcber, wie Sie die Cookie-Optionen im Internet Explorer einstellen k\u00f6nnen, finden Sie unter<br \/>\n<a href=\"http:\/\/windows.microsoft.com\/de-de\/internet-explorer\/delete-manage-cookies#ie=ie-11\">http:\/\/windows.microsoft.com\/de-de\/internet-explorer\/delete-manage-cookies#ie=ie-11<\/a><\/p>\n<p class=\"bold\">Google Chrome<\/p>\n<p>o k\u00f6nnen Sie die Cookies im Google Chrome blockieren:<\/p>\n<p>\u00d6ffnen Sie Google Chrome.<br \/>\nW\u00e4hlen Sie \u201cEinstellungen\u201d aus.<br \/>\nKlicken Sie auf \u201cErweiterte Einstellungen anzeigen\u201d (ganz unten).<br \/>\nKlicken Sie im Abschnitt \u201cDatenschutz\u201d auf die Schaltfl\u00e4che \u201cInhaltseinstellungen\u201d.<br \/>\nIm Abschnitt \u201cCookies\u201d k\u00f6nnen Sie w\u00e4hlen, wie Cookies verwendet werden, wenn Sie mit Chrome surfen.<\/p>\n<p>Weitere Informationen dar\u00fcber, wie Sie die Cookie-Optionen f\u00fcr Google Chrome einstellen k\u00f6nnen, finden Sie unter<br \/>\n<a href=\"https:\/\/support.google.com\/chrome\/answer\/95647?hl=dehttps:\/\/support.google.com\/chrome\/answer\/95647?hl=de\">https:\/\/support.google.com\/chrome\/answer\/95647?hl=de<\/a><\/p>\n<p class=\"bold\">Safari<\/p>\n<p>o k\u00f6nnen Sie die Cookies im Safari blockieren:<\/p>\n<p>\u00d6ffnen Sie den Safari.<br \/>\nW\u00e4hlen Sie \u201cEinstellungen\u201d und klicken dann auf \u201cDatenschutz\u201d.<br \/>\nW\u00e4hlen Sie im Abschnitt \u201cCookies akzeptieren\u201d \u201cNie\u201d.<\/p>\n<p>Weitere Informationen dar\u00fcber, wie Sie die Cookie-Optionen f\u00fcr Safari einstellen k\u00f6nnen, finden Sie unter<br \/>\n<a href=\"http:\/\/support.apple.com\/kb\/HT1677?viewlocale=de_DE\">http:\/\/support.apple.com\/kb\/HT1677?viewlocale=de_DE<\/a><\/p>\n<p class=\"bold\">Weitere Browser<\/p>\n<p>Weitere Informationen zur Verwaltung von Cookies finden Sie \u00fcber die Schaltfl\u00e4che \u201eHilfe\u201d im jeweiligen Browser.<\/p>\n","protected":false},"excerpt":{"rendered":"<p>Wir m\u00f6chten, dass Sie sich bei uns sicher f\u00fchlen und darum liegt uns Ihr Datenschutz am Herzen. Hier m\u00f6chten wir kurz erkl\u00e4ren, wozu Cookies auf unserer Webseite genutzt werden und wie Sie Cookies blockieren k\u00f6nnen. Was sind Cookies? Ein Cookie ist eine kleine Textdatei, die auf Ihrem Computer, Laptop oder sonstigen mobilen Ger\u00e4ten gespeichert wird&#8230;<\/p>\n","protected":false},"author":1,"featured_media":0,"parent":0,"menu_order":0,"comment_status":"closed","ping_status":"closed","template":"","meta":{"footnotes":""},"class_list":["post-12479","page","type-page","status-publish"],"_links":{"self":[{"href":"https:\/\/hecht-apo.de\/index.php?rest_route=\/wp\/v2\/pages\/12479","targetHints":{"allow":["GET"]}}],"collection":[{"href":"https:\/\/hecht-apo.de\/index.php?rest_route=\/wp\/v2\/pages"}],"about":[{"href":"https:\/\/hecht-apo.de\/index.php?rest_route=\/wp\/v2\/types\/page"}],"author":[{"embeddable":true,"href":"https:\/\/hecht-apo.de\/index.php?rest_route=\/wp\/v2\/users\/1"}],"replies":[{"embeddable":true,"href":"https:\/\/hecht-apo.de\/index.php?rest_route=%2Fwp%2Fv2%2Fcomments&post=12479"}],"version-history":[{"count":5,"href":"https:\/\/hecht-apo.de\/index.php?rest_route=\/wp\/v2\/pages\/12479\/revisions"}],"predecessor-version":[{"id":12484,"href":"https:\/\/hecht-apo.de\/index.php?rest_route=\/wp\/v2\/pages\/12479\/revisions\/12484"}],"wp:attachment":[{"href":"https:\/\/hecht-apo.de\/index.php?rest_route=%2Fwp%2Fv2%2Fmedia&parent=12479"}],"curies":[{"name":"wp","href":"https:\/\/api.w.org\/{rel}","templated":true}]}}