{"id":12867,"date":"2024-11-12T19:26:00","date_gmt":"2024-11-12T19:26:00","guid":{"rendered":"https:\/\/hecht-apo.de\/?page_id=12867"},"modified":"2024-11-12T19:42:58","modified_gmt":"2024-11-12T19:42:58","slug":"milchpumpenverleih","status":"publish","type":"page","link":"https:\/\/hecht-apo.de\/?page_id=12867","title":{"rendered":"Milchpumpenverleih"},"content":{"rendered":"<div class=\"wpb-content-wrapper\"><p>[vc_row][vc_column][vc_column_text css=&#8220;&#8220;]<div class=\"row \"><div class=\"wpv-grid grid-1-2  wpv-first-level first unextended\" style=\"padding-top:0px;padding-bottom:0px\" id=\"wpv-column-00e46fe183de839c17af2e8809320a94\" ><p><strong>Milchpumpenverleih<\/strong><\/p>\n<p>Es will mit dem Stillen nicht gleich klappen? Dann kann eine Milchpumpe unterst\u00fctzen! Leihen Sie sich bei uns die Medela Symphony Milchpumpe aus.<\/p>\n<p>Wir stehen Ihnen gerne f\u00fcr alle Fragen zur Verf\u00fcgung!<\/div>\n<div class=\"wpv-grid grid-1-2  wpv-first-level unextended\" style=\"padding-top:0px;padding-bottom:0px\" id=\"wpv-column-acce14c3c0451344d679ddd0d80430a2\" ><a href=\"tel:+4941837979741\" target=\"_self\" style='font-size: 20px;' class=\"button vamtam-button accent2  button-filled-small hover-accent1  alignleft\"><span class='icon shortcode  ' style=''>&#57492;<\/span><span class=\"btext\">Tel. 04183 \/ 797 97 41<\/span><\/a><\/br><\/p>\n<a target=\"_self\" style='font-size: 20px;' class=\"button vamtam-button accent6  button-filled-small hover-accent1 \"><span class='icon shortcode theme ' style=''>&#57392;<\/span><span class=\"btext\">Fax 04183 \/ 797 88 34<\/span><\/a><\/br><\/p>\n<a href=\"https:\/\/www.aponet.de\/service\/notdienstapotheke-finden\/suchergebnis\/0\/21266.html\" target=\"_self\" style='font-size: 20px;' class=\"button vamtam-button accent6  button-filled-small hover-accent1 \"><span class='icon shortcode  ' style=''>&#57678;<\/span><span class=\"btext\">Notdienst<\/span><\/a><\/br><\/p>\n<a href=\"mailto:apotheke@hecht-apo.de\" target=\"_self\" style='font-size: 20px;' class=\"button vamtam-button accent6  button-filled-small hover-accent1 \"><span class='icon shortcode theme ' style=''>&#57353;<\/span><span class=\"btext\">apotheke@hecht-apo.de<\/span><\/a><\/div><\/div>\n<p>&nbsp;[\/vc_column_text][vc_row_inner css=&#8220;.vc_custom_1671635024789{margin-top: 50px !important;}&#8220;][vc_column_inner width=&#8220;1\/5&#8243; css=&#8220;.vc_custom_1671633525133{background-color: #d1d1d1 !important;}&#8220;][vc_column_text css=&#8220;&#8220;]<\/p>\n<p style=\"text-align: center;\"><strong>Lieferservice<\/strong><\/p>\n<p>[\/vc_column_text][vc_single_image image=&#8220;12782&#8243; alignment=&#8220;center&#8220; onclick=&#8220;custom_link&#8220; css=&#8220;&#8220; link=&#8220;https:\/\/hecht-apo.de\/?page_id=12801&#8243;][\/vc_column_inner][vc_column_inner width=&#8220;1\/5&#8243; css=&#8220;.vc_custom_1671633585875{background-color: #b7b7b7 !important;}&#8220;][vc_column_text css=&#8220;&#8220;]<\/p>\n<p style=\"text-align: center;\"><strong>Blutdruckmessen<\/strong><\/p>\n<p>[\/vc_column_text][vc_single_image image=&#8220;12335&#8243; alignment=&#8220;center&#8220; onclick=&#8220;custom_link&#8220; css=&#8220;&#8220; link=&#8220;https:\/\/hecht-apo.de\/?page_id=12806&#8243;][\/vc_column_inner][vc_column_inner width=&#8220;1\/5&#8243; css=&#8220;.vc_custom_1671633562183{background-color: #d1d1d1 !important;}&#8220;][vc_column_text css=&#8220;&#8220;]<\/p>\n<p style=\"text-align: center;\"><strong>Kompressionsstr\u00fcmpfe<\/strong><\/p>\n<p>[\/vc_column_text][vc_single_image image=&#8220;12336&#8243; alignment=&#8220;center&#8220; onclick=&#8220;custom_link&#8220; css=&#8220;&#8220; link=&#8220;https:\/\/hecht-apo.de\/?page_id=12811&#8243;][\/vc_column_inner][vc_column_inner width=&#8220;1\/5&#8243; css=&#8220;.vc_custom_1671633597881{background-color: #b7b7b7 !important;}&#8220;][vc_column_text css=&#8220;&#8220;]<\/p>\n<p style=\"text-align: center;\"><strong>Rezeptur<\/strong><\/p>\n<p>[\/vc_column_text][vc_single_image image=&#8220;12340&#8243; alignment=&#8220;center&#8220; onclick=&#8220;custom_link&#8220; css=&#8220;&#8220; link=&#8220;https:\/\/hecht-apo.de\/?page_id=12815&#8243;][\/vc_column_inner][vc_column_inner width=&#8220;1\/5&#8243; css=&#8220;.vc_custom_1671633646356{background-color: #d1d1d1 !important;}&#8220;][vc_column_text css=&#8220;.vc_custom_1731440575660{margin-bottom: -5px !important;}&#8220;]<\/p>\n<p style=\"text-align: center;\"><strong>Pharmazeutische Dienstleistungen<\/strong><\/p>\n<p>[\/vc_column_text][vc_single_image image=&#8220;12327&#8243; alignment=&#8220;center&#8220; onclick=&#8220;custom_link&#8220; css=&#8220;&#8220; link=&#8220;https:\/\/hecht-apo.de\/?page_id=12796&#8243;][\/vc_column_inner][\/vc_row_inner][\/vc_column][\/vc_row]<\/p>\n<\/div>","protected":false},"excerpt":{"rendered":"<p>[vc_row][vc_column][vc_column_text css=&#8220;&#8220;] Milchpumpenverleih Es will mit dem Stillen nicht gleich klappen? Dann kann eine Milchpumpe unterst\u00fctzen! Leihen Sie sich bei uns die Medela Symphony Milchpumpe aus. Wir stehen Ihnen gerne f\u00fcr alle Fragen zur Verf\u00fcgung! &nbsp;[\/vc_column_text][vc_row_inner css=&#8220;.vc_custom_1671635024789{margin-top: 50px !important;}&#8220;][vc_column_inner width=&#8220;1\/5&#8243; css=&#8220;.vc_custom_1671633525133{background-color: #d1d1d1 !important;}&#8220;][vc_column_text css=&#8220;&#8220;] Lieferservice [\/vc_column_text][vc_single_image image=&#8220;12782&#8243; alignment=&#8220;center&#8220; onclick=&#8220;custom_link&#8220; css=&#8220;&#8220; link=&#8220;https:\/\/hecht-apo.de\/?page_id=12801&#8243;][\/vc_column_inner][vc_column_inner width=&#8220;1\/5&#8243; css=&#8220;.vc_custom_1671633585875{background-color: #b7b7b7 !important;}&#8220;][vc_column_text&#8230;<\/p>\n","protected":false},"author":1,"featured_media":0,"parent":0,"menu_order":4,"comment_status":"closed","ping_status":"closed","template":"","meta":{"footnotes":""},"class_list":["post-12867","page","type-page","status-publish"],"_links":{"self":[{"href":"https:\/\/hecht-apo.de\/index.php?rest_route=\/wp\/v2\/pages\/12867","targetHints":{"allow":["GET"]}}],"collection":[{"href":"https:\/\/hecht-apo.de\/index.php?rest_route=\/wp\/v2\/pages"}],"about":[{"href":"https:\/\/hecht-apo.de\/index.php?rest_route=\/wp\/v2\/types\/page"}],"author":[{"embeddable":true,"href":"https:\/\/hecht-apo.de\/index.php?rest_route=\/wp\/v2\/users\/1"}],"replies":[{"embeddable":true,"href":"https:\/\/hecht-apo.de\/index.php?rest_route=%2Fwp%2Fv2%2Fcomments&post=12867"}],"version-history":[{"count":10,"href":"https:\/\/hecht-apo.de\/index.php?rest_route=\/wp\/v2\/pages\/12867\/revisions"}],"predecessor-version":[{"id":12887,"href":"https:\/\/hecht-apo.de\/index.php?rest_route=\/wp\/v2\/pages\/12867\/revisions\/12887"}],"wp:attachment":[{"href":"https:\/\/hecht-apo.de\/index.php?rest_route=%2Fwp%2Fv2%2Fmedia&parent=12867"}],"curies":[{"name":"wp","href":"https:\/\/api.w.org\/{rel}","templated":true}]}}