{"id":274,"date":"2019-01-16T18:48:47","date_gmt":"2019-01-16T18:48:47","guid":{"rendered":"https:\/\/health-center.vamtam.com\/?page_id=274"},"modified":"2021-12-13T13:53:08","modified_gmt":"2021-12-13T13:53:08","slug":"blog-layout-1","status":"publish","type":"page","link":"https:\/\/hecht-apo.de\/?page_id=274","title":{"rendered":"News"},"content":{"rendered":"<div class=\"wpb-content-wrapper\"><p>[vc_row][vc_column][vc_column_text]<div class=\"loop-wrapper clearfix news row masonry paginated\" data-columns=\"2\">\n\t\t<div class=\"page-content post-header grid-1-2 clearboth list-item post-12488 post type-post status-publish format-image has-post-thumbnail hentry category-hecht-apotheke post_format-post-format-image\" itemscope=\"itemscope\" itemtype=\"http:\/\/schema.org\/BlogPosting\">\n\t\t\t<div>\n\t\t\t\t<div class=\"post-article has-image-wrapper \">\n\t<meta itemscope itemprop=\"mainEntityOfPage\" itemid=\"https:\/\/hecht-apo.de\/?p=12488\" \/><meta itemprop=\"datePublished\" content=\"2019-01-17\" \/><meta itemprop=\"dateModified\" content=\"2019-01-17\" \/><meta itemprop=\"headline\" content=\"&#8222;Was macht die Apotheke vor Ort \u00fcberhaupt?&#8220;\" \/><div itemprop=\"publisher\" itemscope itemtype=\"https:\/\/schema.org\/Organization\"><meta itemprop=\"name\" content=\"Hecht-Apotheke\"><meta itemprop=\"url\" content=\"https:\/\/hecht-apo.de\"><div itemprop=\"logo\" itemscope itemtype=\"https:\/\/schema.org\/ImageObject\"><meta itemprop=\"url\" content=\"http:\/\/hecht-apo.de\/wp-content\/uploads\/2019\/01\/logo_gross.png\"><\/div><\/div><div itemscope itemprop=\"author\" itemtype=\"http:\/\/schema.org\/Person\"><meta itemprop=\"url\" content=\"https:\/\/hecht-apo.de\/?author=1\" \/><meta itemprop=\"name\" content=\"Hechtapotheke\" \/><\/div><div itemscope itemprop=\"image\" itemtype=\"http:\/\/schema.org\/ImageObject\"><meta itemprop=\"url\" content=\"https:\/\/hecht-apo.de\/wp-content\/uploads\/2019\/01\/vor-Ort.jpg\" \/><meta itemprop=\"width\" content=\"898\" \/><meta itemprop=\"height\" content=\"909\" \/><\/div><div itemprop=\"interactionStatistic\" itemscope itemtype=\"http:\/\/schema.org\/InteractionCounter\"><meta itemprop=\"interactionType\" content=\"http:\/\/schema.org\/CommentAction\" \/><meta itemprop=\"userInteractionCount\" content=\"0\" \/><\/div>\t<div class=\"image-post-format clearfix as-normal \">\n\t\t\t<div class=\"thumbnail\">\n\t\t\t\t\t\t<img fetchpriority=\"high\" decoding=\"async\" width=\"555\" height=\"562\" src=\"https:\/\/hecht-apo.de\/wp-content\/uploads\/2019\/01\/vor-Ort-555x562.jpg\" class=\"attachment-portfolio-masonry-2 size-portfolio-masonry-2 wp-post-image\" alt=\"\" srcset=\"https:\/\/hecht-apo.de\/wp-content\/uploads\/2019\/01\/vor-Ort-555x562.jpg 555w, https:\/\/hecht-apo.de\/wp-content\/uploads\/2019\/01\/vor-Ort-296x300.jpg 296w, https:\/\/hecht-apo.de\/wp-content\/uploads\/2019\/01\/vor-Ort-768x777.jpg 768w, https:\/\/hecht-apo.de\/wp-content\/uploads\/2019\/01\/vor-Ort-60x60.jpg 60w, https:\/\/hecht-apo.de\/wp-content\/uploads\/2019\/01\/vor-Ort-43x43.jpg 43w, https:\/\/hecht-apo.de\/wp-content\/uploads\/2019\/01\/vor-Ort-360x364.jpg 360w, https:\/\/hecht-apo.de\/wp-content\/uploads\/2019\/01\/vor-Ort-262x265.jpg 262w, https:\/\/hecht-apo.de\/wp-content\/uploads\/2019\/01\/vor-Ort.jpg 898w\" sizes=\"(max-width: 555px) 100vw, 555px\" \/>\t\t\t<\/div>\n\n\t<div class=\"post-content-wrapper\">\n\t\t\t\t<header class=\"single\">\n\t\t\t<div class=\"content\">\n\t\t\t\t<h3>\n\t\t\t\t\t<a href=\"https:\/\/hecht-apo.de\/?p=12488\" title=\"&#8222;Was macht die Apotheke vor Ort \u00fcberhaupt?&#8220;\" class=\"entry-title\">&#8222;Was macht die Apotheke vor Ort \u00fcberhaupt?&#8220;<\/a>\n\t\t\t\t<\/h3>\n\t\t\t<\/div>\n\t\t<\/header>\n\t\n\t\t<div class=\"post-actions-wrapper\">\n\t\t\t\t\t\t\t<div class=\"post-date\">\n\t\t\t\t\tJanuar 17, 2019\t\t\t\t<\/div>\n\t\t\t\t\t\t\t\t\t\t\n\t\t\t\t\t\t\t\t\t<\/div>\n\n\t\t<div class=\"post-content-outer\">\n\t\t\t<p>F\u00fcr Patienten Neben der Abgabe von Medikamenten erbringen die \u00f6ffentlichen Apotheken auch noch viele andere&#8230;<\/p>\n\t\t<\/div>\n\n\t\t\t\t\t<div class=\"post-content-meta\">\n\t\t\t\t<div>\n\t\t\t\t\tPosted in:  <a href=\"https:\/\/hecht-apo.de\/?cat=108\" rel=\"category\">Hecht-Apotheke<\/a>\t\t\t\t<\/div>\n\t\t\t\t\t\t\t<\/div>\n\t\t\t<\/div>\n\t<\/div>\n<\/div>\n\t\t\t<\/div>\n\t\t<\/div>\n<\/div>\n\n[\/vc_column_text][\/vc_column][\/vc_row]<\/p>\n<\/div>","protected":false},"excerpt":{"rendered":"<p>F\u00fcr Patienten Neben der Abgabe von Medikamenten erbringen die \u00f6ffentlichen Apotheken auch noch viele andere Leistungen f\u00fcr die Patienten und das Gesundheitswesen. Alles im Sinne einer bestm\u00f6glichen Versorgung: Individuelle Rezepturen, pers\u00f6nliche Beratung, Nacht- und Notdienst, Botendienste bis ans Krankenbett, Begleitung und Kontrolle beim Drogenentzug und vieles mehr. Hier einfach \u00fcber die vielf\u00e4ltigen Leistungen informieren. mehr&#8230;<\/p>\n","protected":false},"author":1,"featured_media":0,"parent":0,"menu_order":1,"comment_status":"closed","ping_status":"closed","template":"","meta":{"footnotes":""},"class_list":["post-274","page","type-page","status-publish","hentry"],"_links":{"self":[{"href":"https:\/\/hecht-apo.de\/index.php?rest_route=\/wp\/v2\/pages\/274","targetHints":{"allow":["GET"]}}],"collection":[{"href":"https:\/\/hecht-apo.de\/index.php?rest_route=\/wp\/v2\/pages"}],"about":[{"href":"https:\/\/hecht-apo.de\/index.php?rest_route=\/wp\/v2\/types\/page"}],"author":[{"embeddable":true,"href":"https:\/\/hecht-apo.de\/index.php?rest_route=\/wp\/v2\/users\/1"}],"replies":[{"embeddable":true,"href":"https:\/\/hecht-apo.de\/index.php?rest_route=%2Fwp%2Fv2%2Fcomments&post=274"}],"version-history":[{"count":5,"href":"https:\/\/hecht-apo.de\/index.php?rest_route=\/wp\/v2\/pages\/274\/revisions"}],"predecessor-version":[{"id":12741,"href":"https:\/\/hecht-apo.de\/index.php?rest_route=\/wp\/v2\/pages\/274\/revisions\/12741"}],"wp:attachment":[{"href":"https:\/\/hecht-apo.de\/index.php?rest_route=%2Fwp%2Fv2%2Fmedia&parent=274"}],"curies":[{"name":"wp","href":"https:\/\/api.w.org\/{rel}","templated":true}]}}