{"id":7832,"date":"2019-01-15T15:23:37","date_gmt":"2019-01-15T15:23:37","guid":{"rendered":"https:\/\/health-center.vamtam.com\/?page_id=7832"},"modified":"2024-11-12T19:59:59","modified_gmt":"2024-11-12T19:59:59","slug":"home-new","status":"publish","type":"page","link":"https:\/\/hecht-apo.de\/?page_id=7832","title":{"rendered":"Hecht-Apotheke Jesteburg"},"content":{"rendered":"<div class=\"wpb-content-wrapper\"><p>[vc_row css=&#8220;.vc_custom_1731441572830{margin-top: -90px !important;}&#8220;][vc_column][vc_column_text css=&#8220;.vc_custom_1731441452542{margin-bottom: 0px !important;}&#8220;]<div class=\"row \"><div class=\"wpv-grid grid-1-1 move-into-slider wpv-first-level first unextended\" style=\"padding-top:0px;padding-bottom:70px\" id=\"wpv-column-2630b02299997759c94d962f9e465932\" ><div class=\"row \"><div class=\"wpv-grid grid-1-3  first unextended\" style=\"padding-top:0px;padding-bottom:0px\" id=\"wpv-column-3ffd3e9e15238e9b89c6b179c3ae6586\" ><style scoped>#wpv-expandable-70a55c90e7c7a7a8fe174ae7ceea65ff .closed{background:#7e7496;}#wpv-expandable-70a55c90e7c7a7a8fe174ae7ceea65ff .closed,#wpv-expandable-70a55c90e7c7a7a8fe174ae7ceea65ff .closed p,#wpv-expandable-70a55c90e7c7a7a8fe174ae7ceea65ff .closed .sep-text h2.regular-title-wrapper,#wpv-expandable-70a55c90e7c7a7a8fe174ae7ceea65ff .closed .text-divider-double,#wpv-expandable-70a55c90e7c7a7a8fe174ae7ceea65ff .closed .sep-text .sep-text-line,#wpv-expandable-70a55c90e7c7a7a8fe174ae7ceea65ff .closed .sep,#wpv-expandable-70a55c90e7c7a7a8fe174ae7ceea65ff .closed .sep-2,#wpv-expandable-70a55c90e7c7a7a8fe174ae7ceea65ff .closed .sep-3,#wpv-expandable-70a55c90e7c7a7a8fe174ae7ceea65ff .closed td,#wpv-expandable-70a55c90e7c7a7a8fe174ae7ceea65ff .closed th,#wpv-expandable-70a55c90e7c7a7a8fe174ae7ceea65ff .closed a,#wpv-expandable-70a55c90e7c7a7a8fe174ae7ceea65ff .closed caption{color:#fff;}#wpv-expandable-70a55c90e7c7a7a8fe174ae7ceea65ff .open{background:#575656;}#wpv-expandable-70a55c90e7c7a7a8fe174ae7ceea65ff .open,#wpv-expandable-70a55c90e7c7a7a8fe174ae7ceea65ff .open p,#wpv-expandable-70a55c90e7c7a7a8fe174ae7ceea65ff .open .sep-text h2.regular-title-wrapper,#wpv-expandable-70a55c90e7c7a7a8fe174ae7ceea65ff .open .text-divider-double,#wpv-expandable-70a55c90e7c7a7a8fe174ae7ceea65ff .open .sep-text .sep-text-line,#wpv-expandable-70a55c90e7c7a7a8fe174ae7ceea65ff .open .sep,#wpv-expandable-70a55c90e7c7a7a8fe174ae7ceea65ff .open .sep-2,#wpv-expandable-70a55c90e7c7a7a8fe174ae7ceea65ff .open .sep-3,#wpv-expandable-70a55c90e7c7a7a8fe174ae7ceea65ff .open td,#wpv-expandable-70a55c90e7c7a7a8fe174ae7ceea65ff .open th,#wpv-expandable-70a55c90e7c7a7a8fe174ae7ceea65ff .open a,#wpv-expandable-70a55c90e7c7a7a8fe174ae7ceea65ff .open caption{color:#d6d6d6;}<\/style>\n<div class=\"services has-more \" id=\"wpv-expandable-70a55c90e7c7a7a8fe174ae7ceea65ff\">\n\t<div class=\"closed services-inside\">\n\t\t<div class=\"services-content-wrapper clearfix\">\n\t\t\t\n\t\t\t <div class=\"push\" style='height:10px'><\/div>\n<span class='icon shortcode theme ' style='font-size:26px !important;color:#fff;'>&#57530;<\/span>\n<div class=\"push\" style='height:10px'><\/div>\n<div class=\"push\" style='height:8px'><\/div>\n<table>\n<tbody>\n<tr>\n<td>Montag bis Freitag<\/td>\n<td style=\"text-align: right;\">8h &#8211; 13h und 14h &#8211; 18.30h<\/td>\n<\/tr>\n<tr>\n<td>Samstag<\/td>\n<td style=\"text-align: right;\">9h &#8211; 13h<\/td>\n<\/tr>\n<tr>\n<td>Sonntag<\/td>\n<td style=\"text-align: right;\">geschlossen<\/td>\n<\/tr>\n<\/tbody>\n<\/table>\n<div class=\"push\" style='height:15px'><\/div>\n\t\t<\/div>\n\t<\/div>\n\t<div class=\"open services-inside\">\n\t\t<div class=\"services-content-wrapper\">\n\t\t\t<div class=\"row\">\n\t\t\t\t\n\t\t\t<\/div>\n\t\t<\/div>\n\t<\/div>\n<\/div>\n\n<\/div>\n<div class=\"wpv-grid grid-1-3  unextended\" style=\"padding-top:0px;padding-bottom:0px\" id=\"wpv-column-46282cc873d98445716b6b0ae05f0622\" ><style scoped>#wpv-expandable-5cefcf3bab08809c95f8264f6a8cb61e .closed{background:#68607c;}#wpv-expandable-5cefcf3bab08809c95f8264f6a8cb61e .closed,#wpv-expandable-5cefcf3bab08809c95f8264f6a8cb61e .closed p,#wpv-expandable-5cefcf3bab08809c95f8264f6a8cb61e .closed .sep-text h2.regular-title-wrapper,#wpv-expandable-5cefcf3bab08809c95f8264f6a8cb61e .closed .text-divider-double,#wpv-expandable-5cefcf3bab08809c95f8264f6a8cb61e .closed .sep-text .sep-text-line,#wpv-expandable-5cefcf3bab08809c95f8264f6a8cb61e .closed .sep,#wpv-expandable-5cefcf3bab08809c95f8264f6a8cb61e .closed .sep-2,#wpv-expandable-5cefcf3bab08809c95f8264f6a8cb61e .closed .sep-3,#wpv-expandable-5cefcf3bab08809c95f8264f6a8cb61e .closed td,#wpv-expandable-5cefcf3bab08809c95f8264f6a8cb61e .closed th,#wpv-expandable-5cefcf3bab08809c95f8264f6a8cb61e .closed a,#wpv-expandable-5cefcf3bab08809c95f8264f6a8cb61e .closed caption{color:#edebf0;}#wpv-expandable-5cefcf3bab08809c95f8264f6a8cb61e .open{background:#575656;}#wpv-expandable-5cefcf3bab08809c95f8264f6a8cb61e .open,#wpv-expandable-5cefcf3bab08809c95f8264f6a8cb61e .open p,#wpv-expandable-5cefcf3bab08809c95f8264f6a8cb61e .open .sep-text h2.regular-title-wrapper,#wpv-expandable-5cefcf3bab08809c95f8264f6a8cb61e .open .text-divider-double,#wpv-expandable-5cefcf3bab08809c95f8264f6a8cb61e .open .sep-text .sep-text-line,#wpv-expandable-5cefcf3bab08809c95f8264f6a8cb61e .open .sep,#wpv-expandable-5cefcf3bab08809c95f8264f6a8cb61e .open .sep-2,#wpv-expandable-5cefcf3bab08809c95f8264f6a8cb61e .open .sep-3,#wpv-expandable-5cefcf3bab08809c95f8264f6a8cb61e .open td,#wpv-expandable-5cefcf3bab08809c95f8264f6a8cb61e .open th,#wpv-expandable-5cefcf3bab08809c95f8264f6a8cb61e .open a,#wpv-expandable-5cefcf3bab08809c95f8264f6a8cb61e .open caption{color:#d6d6d6;}<\/style>\n<div class=\"services has-more \" id=\"wpv-expandable-5cefcf3bab08809c95f8264f6a8cb61e\">\n\t<div class=\"closed services-inside\">\n\t\t<div class=\"services-content-wrapper clearfix\">\n\t\t\t\n\t\t\t <div class=\"push\" style='height:10px'><\/div>\n<span class='icon shortcode theme ' style='font-size:26px !important;color:#7e7496;'>&#57520;<\/span>\n<div class=\"push\" style='height:10px'><\/div>\n<h3><span style=\"color: #fff;\">Notdienst<\/span><\/h3>\n<div class=\"push\" style='height:15px'><\/div>\nAu\u00dferhalb unserer \u00d6ffnungszeiten steht Ihnen der Notdienst zur Verf\u00fcgung<br \/>\n<div class=\"push\" style='height:15px'><\/div>\n<div class=\"push\" style='height:25px'><\/div>\n\t\t<\/div>\n\t<\/div>\n\t<div class=\"open services-inside\">\n\t\t<div class=\"services-content-wrapper\">\n\t\t\t<div class=\"row\">\n\t\t\t\t\n<a href=\"https:\/\/www.aponet.de\/service\/notdienstapotheke-finden\/suchergebnis\/0\/21266.html\" target=\"_self\" style='font-size: 14px;' class=\"button vamtam-button accent8  button-border hover-accent1 \"><span class=\"btext\">Zum Notdienst \u2192<\/span><\/a>\t\t\t<\/div>\n\t\t<\/div>\n\t<\/div>\n<\/div>\n\n<\/div>\n<div class=\"wpv-grid grid-1-3  unextended\" style=\"padding-top:0px;padding-bottom:0px\" id=\"wpv-column-238591562bd2a8ff390ab83fa38ddb81\" ><style scoped>#wpv-expandable-7d2e0446ccb8b0e8c6d6e3cda31ae0a8 .closed{background:#5f5771;}#wpv-expandable-7d2e0446ccb8b0e8c6d6e3cda31ae0a8 .closed,#wpv-expandable-7d2e0446ccb8b0e8c6d6e3cda31ae0a8 .closed p,#wpv-expandable-7d2e0446ccb8b0e8c6d6e3cda31ae0a8 .closed .sep-text h2.regular-title-wrapper,#wpv-expandable-7d2e0446ccb8b0e8c6d6e3cda31ae0a8 .closed .text-divider-double,#wpv-expandable-7d2e0446ccb8b0e8c6d6e3cda31ae0a8 .closed .sep-text .sep-text-line,#wpv-expandable-7d2e0446ccb8b0e8c6d6e3cda31ae0a8 .closed .sep,#wpv-expandable-7d2e0446ccb8b0e8c6d6e3cda31ae0a8 .closed .sep-2,#wpv-expandable-7d2e0446ccb8b0e8c6d6e3cda31ae0a8 .closed .sep-3,#wpv-expandable-7d2e0446ccb8b0e8c6d6e3cda31ae0a8 .closed td,#wpv-expandable-7d2e0446ccb8b0e8c6d6e3cda31ae0a8 .closed th,#wpv-expandable-7d2e0446ccb8b0e8c6d6e3cda31ae0a8 .closed a,#wpv-expandable-7d2e0446ccb8b0e8c6d6e3cda31ae0a8 .closed caption{color:#e2e0e7;}#wpv-expandable-7d2e0446ccb8b0e8c6d6e3cda31ae0a8 .open{background:#575656;}#wpv-expandable-7d2e0446ccb8b0e8c6d6e3cda31ae0a8 .open,#wpv-expandable-7d2e0446ccb8b0e8c6d6e3cda31ae0a8 .open p,#wpv-expandable-7d2e0446ccb8b0e8c6d6e3cda31ae0a8 .open .sep-text h2.regular-title-wrapper,#wpv-expandable-7d2e0446ccb8b0e8c6d6e3cda31ae0a8 .open .text-divider-double,#wpv-expandable-7d2e0446ccb8b0e8c6d6e3cda31ae0a8 .open .sep-text .sep-text-line,#wpv-expandable-7d2e0446ccb8b0e8c6d6e3cda31ae0a8 .open .sep,#wpv-expandable-7d2e0446ccb8b0e8c6d6e3cda31ae0a8 .open .sep-2,#wpv-expandable-7d2e0446ccb8b0e8c6d6e3cda31ae0a8 .open .sep-3,#wpv-expandable-7d2e0446ccb8b0e8c6d6e3cda31ae0a8 .open td,#wpv-expandable-7d2e0446ccb8b0e8c6d6e3cda31ae0a8 .open th,#wpv-expandable-7d2e0446ccb8b0e8c6d6e3cda31ae0a8 .open a,#wpv-expandable-7d2e0446ccb8b0e8c6d6e3cda31ae0a8 .open caption{color:#d6d6d6;}<\/style>\n<div class=\"services has-more \" id=\"wpv-expandable-7d2e0446ccb8b0e8c6d6e3cda31ae0a8\">\n\t<div class=\"closed services-inside\">\n\t\t<div class=\"services-content-wrapper clearfix\">\n\t\t\t\n\t\t\t <div class=\"push\" style='height:10px'><\/div>\n<span class='icon shortcode  ' style='font-size:26px !important;color:#7e7496;'>&#57678;<\/span>\n<div class=\"push\" style='height:8px'><\/div>\n<h3><span style=\"color: #fff;\">Hecht-Apotheke<\/span><\/h3>\n<div class=\"push\" style='height:13px'><\/div>\nHauptstra\u00dfe 47<br \/>\n21266 Jesteburg<br \/>\n<div class=\"push\" style='height:15px'><\/div>\n<div class=\"push\" style='height:25px'><\/div>\n\t\t<\/div>\n\t<\/div>\n\t<div class=\"open services-inside\">\n\t\t<div class=\"services-content-wrapper\">\n\t\t\t<div class=\"row\">\n\t\t\t\t\n<a href=\"http:\/\/hecht-apo.de\/?page_id=49\" target=\"_self\" style='font-size: 14px;' class=\"button vamtam-button accent8  button-border hover-accent1 \"><span class=\"btext\">Kontaktieren Sie uns \u2192<\/span><\/a>\t\t\t<\/div>\n\t\t<\/div>\n\t<\/div>\n<\/div>\n\n<\/div><\/div>\n<div class=\"push\" style='height:15px'><\/div><\/div><\/div>\n<p>&nbsp;[\/vc_column_text][\/vc_column][\/vc_row][vc_row full_width=&#8220;stretch_row&#8220; parallax=&#8220;content-moving&#8220; parallax_image=&#8220;12506&#8243; css=&#8220;.vc_custom_1731441594316{margin-top: -1000px !important;}&#8220;][vc_column][vc_row_inner css=&#8220;.vc_custom_1731441319376{padding-right: 50px !important;padding-left: 50px !important;}&#8220;][vc_column_inner width=&#8220;2\/3&#8243;][vc_column_text]<\/p>\n<h2>Herzlich willkommen<\/h2>\n<p><strong><em>\u00bbK\u00fcmmere dich um deinen K\u00f6rper. Es ist der einzige Ort, den du zum Leben hast\u00ab<\/em><\/strong>\u00a0\u2013 und wir m\u00f6chten daf\u00fcr mit individueller, pers\u00f6nlicher und umfassender Beratung als Partner an Ihrer Seite stehen.<\/p>\n<p><strong>Wir<\/strong>\u00a0wollen mit unserer neuen, modernen Apotheke die Tradition der Vor Ort Apotheke st\u00e4rken, aber auch innovativ und zeitnah agieren.<\/p>\n<p><strong>Wir<\/strong>\u00a0wollen mit unserer Apotheke zu einer Verbesserung der Lebensqualit\u00e4t der Menschen vor Ort beitragen, Ihnen ein freundlicher, serviceorienterter, kompetenter und nachhaltiger Ansprechpartner sein.<\/p>\n<p><strong>Wir<\/strong>\u00a0m\u00f6chten ihr Begleiter auf dem Weg zum informierten Patienten sein und Sie in Ihrer eigenen Mitwirkung st\u00e4rken.<\/p>\n<p><strong>Wir<\/strong>\u00a0m\u00f6chten in einem Netzwerk mit \u00c4rzten und anderen Fachbereichen zusammenarbeiten.<\/p>\n<p>Kommen Sie in unsere Apotheke und lassen Sie sich freundlich und aufmerksam beraten!<\/p>\n<p>Wir freuen uns schon, Sie im Herzen von Jesteburg zu begr\u00fc\u00dfen!<\/p>\n<p><em>Armin Hecht und das Team der Hecht-Apotheke<\/em>[\/vc_column_text][vc_single_image image=&#8220;12361&#8243; img_size=&#8220;medium&#8220;][\/vc_column_inner][vc_column_inner width=&#8220;1\/3&#8243;][vc_column_text]<iframe style=\"border: 0;\" src=\"https:\/\/www.google.com\/maps\/embed?pb=!1m18!1m12!1m3!1d2383.8564247175327!2d9.957712865837033!3d53.310017529971475!2m3!1f0!2f0!3f0!3m2!1i1024!2i768!4f13.1!3m3!1m2!1s0x47b1bdb09c055771%3A0xa209963d2ad482ec!2sHecht-Apotheke!5e0!3m2!1sde!2sde!4v1550651093426\" width=\"100%\" height=\"650\" frameborder=\"0\" allowfullscreen=\"allowfullscreen\"><\/iframe>[\/vc_column_text][\/vc_column_inner][\/vc_row_inner][vc_row_inner][vc_column_inner][vc_column_text]<div class=\"push\" style='height:70px'><\/div>\n<h1 style=\"text-align: center; color: #fff; background-color: rgba(95,87,113,0.7); padding: 30px;\">\u201eAlle Dinge sind Gift, und nichts ist ohne Gift; allein die Dosis machts, da\u00df ein Ding kein Gift sei.\u201c<\/h1>\n<p style=\"color: #fff;\">\n<div class=\"push\" style='height:60px'><\/div>[\/vc_column_text][vc_single_image image=&#8220;12857&#8243; img_size=&#8220;full&#8220; alignment=&#8220;center&#8220; css=&#8220;.vc_custom_1731440662081{margin-bottom: 50px !important;}&#8220;][\/vc_column_inner][\/vc_row_inner][vc_row_inner css=&#8220;.vc_custom_1645013520269{padding-top: 50px !important;padding-right: 50px !important;padding-bottom: 50px !important;padding-left: 50px !important;background-color: #f6f6f6 !important;}&#8220;][vc_column_inner][vc_single_image image=&#8220;12854&#8243; img_size=&#8220;full&#8220; css=&#8220;&#8220;][vc_column_text]<\/p>\n<div class=\"wpb_text_column wpb_content_element \">\n<div class=\"wpb_wrapper\">\n<h2>Bestellung per App<\/h2>\n<\/div>\n<\/div>\n<p>[\/vc_column_text][vc_column_text css=&#8220;&#8220;]<\/p>\n<div class=\"wpb_text_column wpb_content_element\">\n<div class=\"wpb_wrapper\">\n<div class=\"wpb_text_column wpb_content_element\">\n<div class=\"wpb_wrapper\">\n<p>Rezept vom Arzt? Medikamente bestellen? E-Rezept einl\u00f6sen? Einfach mit der \u201eAmamed\u201c-App fotografieren, abschicken und Medikamente bei uns abholen.<br \/>\nBestellung per Text oder Foto vom Produkt sind auch problemlos m\u00f6glich, wir antworten so schnell wie m\u00f6glich, ab wann das Pr\u00e4parat abholbereit in der Apotheke liegt.<br \/>\nEinfach per QR-Code kostenlos downloaden.<\/p>\n<\/div>\n<\/div>\n<div class=\"wpb_text_column wpb_content_element\">\n<div class=\"wpb_wrapper\">\n<div class=\"wpb_text_column wpb_content_element \">\n<div class=\"wpb_wrapper\">\n<p>Bei Fragen dazu stehen wir Ihnen gerne zur Verf\u00fcgung!<\/p>\n<\/div>\n<\/div>\n<\/div>\n<\/div>\n<\/div>\n<\/div>\n<p>[\/vc_column_text][vc_single_image image=&#8220;12555&#8243; img_size=&#8220;medium&#8220;][vc_single_image image=&#8220;12556&#8243; img_size=&#8220;medium&#8220;][\/vc_column_inner][\/vc_row_inner][vc_row_inner css=&#8220;.vc_custom_1645013668425{margin-top: 100px !important;}&#8220;][vc_column_inner width=&#8220;1\/2&#8243;][vc_single_image image=&#8220;12124&#8243; img_size=&#8220;medium&#8220;][\/vc_column_inner][vc_column_inner width=&#8220;1\/2&#8243;][vc_column_text css=&#8220;&#8220;]<\/p>\n<h2><strong>Wir beraten Sie gerne!<\/strong><\/h2>\n<h2>Rufen Sie uns direkt unter\u00a0<strong>04183 797 97 41<\/strong>\u00a0an.<\/h2>\n<h3>Wir helfen Ihnen gerne weiter.<\/h3>\n<p>[\/vc_column_text][vc_single_image image=&#8220;12839&#8243; img_size=&#8220;medium&#8220; onclick=&#8220;custom_link&#8220; link=&#8220;https:\/\/www.babyfreundliche-apotheke.de\/babyfreundliche_apotheken.html&#8220;][\/vc_column_inner][\/vc_row_inner][\/vc_column][\/vc_row]<\/p>\n<\/div>","protected":false},"excerpt":{"rendered":"<p>[vc_row css=&#8220;.vc_custom_1731441572830{margin-top: -90px !important;}&#8220;][vc_column][vc_column_text css=&#8220;.vc_custom_1731441452542{margin-bottom: 0px !important;}&#8220;] &nbsp;[\/vc_column_text][\/vc_column][\/vc_row][vc_row full_width=&#8220;stretch_row&#8220; parallax=&#8220;content-moving&#8220; parallax_image=&#8220;12506&#8243; css=&#8220;.vc_custom_1731441594316{margin-top: -1000px !important;}&#8220;][vc_column][vc_row_inner css=&#8220;.vc_custom_1731441319376{padding-right: 50px !important;padding-left: 50px !important;}&#8220;][vc_column_inner width=&#8220;2\/3&#8243;][vc_column_text] Herzlich willkommen \u00bbK\u00fcmmere dich um deinen K\u00f6rper. Es ist der einzige Ort, den du zum Leben hast\u00ab\u00a0\u2013 und wir m\u00f6chten daf\u00fcr mit individueller, pers\u00f6nlicher und umfassender Beratung als Partner an Ihrer Seite stehen. Wir\u00a0wollen mit&#8230;<\/p>\n","protected":false},"author":1,"featured_media":0,"parent":0,"menu_order":0,"comment_status":"closed","ping_status":"closed","template":"","meta":{"footnotes":""},"class_list":["post-7832","page","type-page","status-publish"],"_links":{"self":[{"href":"https:\/\/hecht-apo.de\/index.php?rest_route=\/wp\/v2\/pages\/7832","targetHints":{"allow":["GET"]}}],"collection":[{"href":"https:\/\/hecht-apo.de\/index.php?rest_route=\/wp\/v2\/pages"}],"about":[{"href":"https:\/\/hecht-apo.de\/index.php?rest_route=\/wp\/v2\/types\/page"}],"author":[{"embeddable":true,"href":"https:\/\/hecht-apo.de\/index.php?rest_route=\/wp\/v2\/users\/1"}],"replies":[{"embeddable":true,"href":"https:\/\/hecht-apo.de\/index.php?rest_route=%2Fwp%2Fv2%2Fcomments&post=7832"}],"version-history":[{"count":277,"href":"https:\/\/hecht-apo.de\/index.php?rest_route=\/wp\/v2\/pages\/7832\/revisions"}],"predecessor-version":[{"id":12899,"href":"https:\/\/hecht-apo.de\/index.php?rest_route=\/wp\/v2\/pages\/7832\/revisions\/12899"}],"wp:attachment":[{"href":"https:\/\/hecht-apo.de\/index.php?rest_route=%2Fwp%2Fv2%2Fmedia&parent=7832"}],"curies":[{"name":"wp","href":"https:\/\/api.w.org\/{rel}","templated":true}]}}